{"id":122,"date":"2022-07-13T14:09:56","date_gmt":"2022-07-13T12:09:56","guid":{"rendered":"https:\/\/sklepik.rayo.pl\/?post_type=product&#038;p=122"},"modified":"2022-07-13T14:12:18","modified_gmt":"2022-07-13T12:12:18","slug":"posnet-vero-kompletny-pos-na-start","status":"publish","type":"product","link":"https:\/\/sklepik.rayo.pl\/?product=posnet-vero-kompletny-pos-na-start","title":{"rendered":"POSNET VERO &#8211; kompletny POS na start"},"content":{"rendered":"<p>Najnowsze dziecko firmy Posnet.<br \/>\nPrzedstawiamy nowoczesne rozwi\u0105zanie &#8211; po\u0142\u0105czenie kasy i drukarki fiskalnej oraz terminala POS w jednym urz\u0105dzeniu.<\/p>\n<h2>Posnet Vero Online<\/h2>\n<p>Jako u\u017cytkownik nabywasz jedynie drukark\u0119 fiskaln\u0105 Online, kt\u00f3ra jest jednym z element\u00f3w ca\u0142ego Posa Vero.<br \/>\nNa zakup urz\u0105dzenia dostaniesz ulg\u0119\u00a0 z Urz\u0119du Skarbowego &#8211; 700 z\u0142.<\/p>\n<p>Dodatkowo po prostu wynajmujesz platform\u0119 sprz\u0119tow\u0105 i aplikacj\u0119 do sprzeda\u017cy dzi\u0119ki czemu masz niskie koszty na start.<\/p>\n<p><b><img decoding=\"async\" title=\"POS Vero Online\" src=\"https:\/\/www.kasy-drukarki.pl\/files\/posnet_vero\/pos,vero,online.png\" alt=\"POS Vero Online\" \/>Rodzina SAIO<\/b><\/p>\n<p>Vero nale\u017cy do rodziny urz\u0105dze\u0144 SAIO (system all in one). To kompleksowe rozwi\u0105zania fiskalne, kompaktowe POSy skonstruowane w systemie all in one i dzia\u0142aj\u0105ce w oparciu o system operacyjny Android 11. Vero sk\u0142ada si\u0119 z drukarki fiskalnej ONLINE, platformy POS oraz aplikacji sprzeda\u017cowej.<\/p>\n<p><b><img decoding=\"async\" title=\"Posnet Vero Online\" src=\"https:\/\/www.kasy-drukarki.pl\/files\/posnet_vero\/posnet,vero,online.png\" alt=\"Posnet Vero Online\" \/>Atrakcyjna cena wynajmu<\/b><\/p>\n<p>Vero mo\u017cna naby\u0107 w atrakcyjnej cenie w agencyjnym systemie sprzeda\u017cy. Klient kupuje tylko drukark\u0119 fiskaln\u0105, kt\u00f3ra jest jednym z element\u00f3w Vero. Warto pami\u0119ta\u0107, \u017ce na zakup drukarki ONLINE Vero przys\u0142uguje odliczenie do 700 z\u0142otych z Urz\u0119du Skarbowego. Natomiast platform\u0119 sprz\u0119tow\u0105 oraz aplikacj\u0119 sprzeda\u017cow\u0105 u\u017cytkuje w ramach miesi\u0119cznego abonamentu. Takie rozwi\u0105zanie oznacza dla u\u017cytkownika niskie koszty na start oraz elastyczno\u015b\u0107 i swobod\u0119 wyboru.<\/p>\n<p><b><img decoding=\"async\" title=\"Kasa Vero Online\" src=\"https:\/\/www.kasy-drukarki.pl\/files\/posnet_vero\/kasa,vero,online.png\" alt=\"Kasa Vero Online\" \/>Pe\u0142na gwarancja<\/b><\/p>\n<p>Posnet zapewnia pe\u0142n\u0105 gwarancj\u0119 na platform\u0119 sprz\u0119tow\u0105 POS w ca\u0142ym okresie jej u\u017cytkowania. Dzi\u0119ki temu przedsi\u0119biorca mo\u017ce skupi\u0107 si\u0119 na rozwijaniu swojego biznesu, a reszt\u0105 zajmuje si\u0119 Posnet.<\/p>\n<p><b><img decoding=\"async\" title=\"Posnet Vero Eparagon\" src=\"https:\/\/www.kasy-drukarki.pl\/files\/posnet_vero\/posnet,vero,eparagon.jpg\" alt=\"Posnet Vero Eparagon\" \/>E-paragon<\/b><\/p>\n<p>Vero jako jedno z\u00a0pierwszych urz\u0105dze\u0144 w\u00a0Polsce spe\u0142nia wymagania techniczne konieczne do obs\u0142ugi e-paragon\u00f3w. Urz\u0105dzenie przeka\u017ce go klientowi po po\u0142\u0105czeniu z\u00a0odpowiednim systemem dystrybucji e-paragon\u00f3w. Warunkiem takiej operacji jest rezygnacja klienta z\u00a0fizycznego paragonu.<\/p>\n<p><b>POS Vero<\/b><\/p>\n<p>Vero umo\u017cliwia u\u017cytkownikowi zbudowanie kompleksowego, funkcjonalnego i\u00a0wydajnego stanowiska kasowego.<br \/>\nVero jest w\u00a0ca\u0142o\u015bci zaprojektowane i\u00a0wyprodukowane przez Posnet. Dzi\u0119ki temu u\u017cytkownik ma gwarancj\u0119 technologicznej niezmienno\u015bci urz\u0105dzenia, a\u00a0co za tym idzie stabilno\u015bci pracy.<\/p>\n<p><img decoding=\"async\" title=\"Vero stanowiska\" src=\"https:\/\/www.kasy-drukarki.pl\/files\/posnet_vero\/vero,stanowiska.jpg\" alt=\"Vero stanowiska\" \/><br \/>\n<b>Komfort u\u017cytkowania<\/b> <img decoding=\"async\" title=\"Vero Pos wy\u015bwietlacz\" src=\"https:\/\/www.kasy-drukarki.pl\/files\/posnet_vero\/vero,pos,wywietlacz.png\" alt=\"Vero Pos wy\u015bwietlacz\" \/><\/p>\n<h3>Drukarka fiskalna Vero Online<\/h3>\n<p>jest urz\u0105dzeniem kompaktowym, ergonomicznym i\u00a0nie wymaga du\u017cej przestrzeni do pracy. To oznacza komfort u\u017cytkowania i\u00a0oszcz\u0119dno\u015bci. Vero wyposa\u017cone jest w\u00a0ekran dotykowy o\u00a0przek\u0105tnej 10,1&#8243; i\u00a0rozdzielczo\u015bci 1280&#215;800, wy\u015bwietlaj\u0105cy 16 mln kolor\u00f3w. Urz\u0105dzenie ma wrzutowy mechanizm drukuj\u0105cy i\u00a060 m\u00a0rolk\u0119 papieru.<\/p>\n<p>&nbsp;<\/p>\n<p><b>Bezpieczne u\u017cytkowanie<\/b><\/p>\n<p>Dystrybucja systemu Android 11, w oparciu o kt\u00f3ry dzia\u0142a Vero, jest specjalnie przygotowana i\u00a0gwarantowana przez Posnet, a\u00a0oprogramowanie dok\u0142adnie zweryfikowane i\u00a0w\u00a0pe\u0142ni zoptymalizowane. Wszystko po to, \u017ceby bezpiecznie korzysta\u0107 z\u00a0urz\u0105dzenia zgodnie z\u00a0przeznaczeniem.<\/p>\n<p>&nbsp;<\/p>\n<p>&nbsp;<\/p>\n<p><b><img decoding=\"async\" title=\"Vero interfejsy\" src=\"https:\/\/www.kasy-drukarki.pl\/files\/posnet_vero\/vero,interfejsy.png\" alt=\"Vero interfejsy\" \/>Komplet interfejs\u00f3w<\/b><\/p>\n<p>Vero zawiera wszystkie niezb\u0119dne interfejsy: WiFi, Bluetooth, ethernet czy wej\u015bcie USB. Dzi\u0119ki temu, do Vero mo\u017cna pod\u0142\u0105czy\u0107 takie urz\u0105dzenia jak: szuflada wielonapi\u0119ciowa, waga, terminal p\u0142atniczy czy skaner kod\u00f3w kreskowych.<\/p>\n<p>&nbsp;<\/p>\n","protected":false},"excerpt":{"rendered":"<p>Najnowsze dziecko firmy Posnet.<br \/>\nPrzedstawiamy nowoczesne rozwi\u0105zanie &#8211; po\u0142\u0105czenie kasy i drukarki fiskalnej oraz terminala POS w jednym urz\u0105dzeniu.<\/p>\n","protected":false},"featured_media":123,"template":"","meta":[],"product_cat":[59,51],"product_tag":[62,61,60],"_links":{"self":[{"href":"https:\/\/sklepik.rayo.pl\/index.php?rest_route=\/wp\/v2\/product\/122"}],"collection":[{"href":"https:\/\/sklepik.rayo.pl\/index.php?rest_route=\/wp\/v2\/product"}],"about":[{"href":"https:\/\/sklepik.rayo.pl\/index.php?rest_route=\/wp\/v2\/types\/product"}],"wp:featuredmedia":[{"embeddable":true,"href":"https:\/\/sklepik.rayo.pl\/index.php?rest_route=\/wp\/v2\/media\/123"}],"wp:attachment":[{"href":"https:\/\/sklepik.rayo.pl\/index.php?rest_route=%2Fwp%2Fv2%2Fmedia&parent=122"}],"wp:term":[{"taxonomy":"product_cat","embeddable":true,"href":"https:\/\/sklepik.rayo.pl\/index.php?rest_route=%2Fwp%2Fv2%2Fproduct_cat&post=122"},{"taxonomy":"product_tag","embeddable":true,"href":"https:\/\/sklepik.rayo.pl\/index.php?rest_route=%2Fwp%2Fv2%2Fproduct_tag&post=122"}],"curies":[{"name":"wp","href":"https:\/\/api.w.org\/{rel}","templated":true}]}}