{"id":30,"date":"2022-04-12T14:24:28","date_gmt":"2022-04-12T12:24:28","guid":{"rendered":"https:\/\/sklepik.rayo.pl\/?post_type=product&#038;p=30"},"modified":"2022-04-25T09:58:26","modified_gmt":"2022-04-25T07:58:26","slug":"tablet-pc-apple-ipad-pro-2021-11-m1-256gb-wi-fi-gwiezdna-szarosc","status":"publish","type":"product","link":"https:\/\/sklepik.rayo.pl\/?product=tablet-pc-apple-ipad-pro-2021-11-m1-256gb-wi-fi-gwiezdna-szarosc","title":{"rendered":"Apple iPad Pro (2021) 11&#8221; M1 256GB Wi-Fi Gwiezdna Szaro\u015b\u0107"},"content":{"rendered":"<h5 class=\"header\">Opis i specyfikacja<\/h5>\n<div class=\"product-menu-description\" data-v-bde5137a=\"\" data-v-60f929e3=\"\">\n<div class=\"product-show-description\" data-v-52a6a292=\"\" data-v-bde5137a=\"\">\n<div class=\"content is-expanded\" data-v-52a6a292=\"\">\n<div data-v-52a6a292=\"\">\n<div data-v-52a6a292=\"\">\n<p>iPad Pro ma pot\u0119\u017cny czip Apple M1 przenosz\u0105cy jego wydajno\u015b\u0107 na nowy poziom oraz bateri\u0119, kt\u00f3ra starczy na ca\u0142y dzie\u01443. Przepi\u0119kny i superprzeno\u015bny wy\u015bwietlacz Liquid Retina 11 cali. Zdumiewaj\u0105co szybk\u0105 \u0142\u0105czno\u015b\u0107 5G ? kiedy nie \u0142apiesz Wi-Fi ? w modelach z obs\u0142ug\u0105 sieci kom\u00f3rkowej. Funkcj\u0119 Centrum uwagi w przednim aparacie, kt\u00f3ra automatycznie utrzymuje Ci\u0119 w kadrze podczas wideorozm\u00f3w. Profesjonalne aparaty i skaner LiDAR do zdj\u0119\u0107, wideo i niesamowitych wra\u017ce\u0144 w AR. Oraz port Thunderbolt \/ USB 4 do pod\u0142\u0105czania zaawansowanych akcesori\u00f3w. A do tego wszystkiego mo\u017cesz doda\u0107 jeszcze Apple Pencil do notowania, rysowania i robienia adnotacji w dokumentach oraz doskonale responsywn\u0105 klawiatur\u0119 Magic Keyboard z g\u0142adzikiem.<br \/>\n<strong>Korzy\u015bci:<\/strong><\/p>\n<ul>\n<li><strong>Czip Apple M1<\/strong>, czyli nowy poziom wydajno\u015bci<\/li>\n<li>Ol\u015bniewaj\u0105cy\u00a0<strong>wy\u015bwietlacz Liquid Retina 11 cali\u00a0<\/strong>z technologi\u0105 ProMotion, True Tone i szerok\u0105 gam\u0105 kolor\u00f3w P3<\/li>\n<li><strong>System aparat\u00f3w TrueDepth<\/strong>\u00a0z przednim aparatem ultraszerokok\u0105tnym z funkcj\u0105 Centrum uwagi<\/li>\n<li><strong>Obiektyw szerokok\u0105tny 12 MP, ultraszerokok\u0105tny 10 MP i skaner LiDAR<\/strong>\u00a0dostarczaj\u0105ce niesamowitych wra\u017ce\u0144 w AR<\/li>\n<li><strong>Ultraszybkie Wi-Fi 6<\/strong>, dzi\u0119ki kt\u00f3remu zawsze jeste\u015b w kontakcie<\/li>\n<li><strong>Bateria na ca\u0142y dzie\u0144<\/strong>, kt\u00f3ra pozwoli Ci zdzia\u0142a\u0107 wi\u0119cej<\/li>\n<li><strong>Port Thunderbolt \/ USB 4<\/strong>\u00a0do pod\u0142\u0105czania szybkich pami\u0119ci zewn\u0119trznych, wy\u015bwietlaczy i stacji dokuj\u0105cych<\/li>\n<li><strong>Face ID<\/strong>\u00a0do bezpiecznego uwierzytelniania i obs\u0142ugi Apple Pay<\/li>\n<li>Audio na\u00a0<strong>cztery g\u0142o\u015bniki i pi\u0119\u0107 mikrofon\u00f3w<\/strong>\u00a0studyjnej jako\u015bci<\/li>\n<li>Obs\u0142uga Apple Pencil (2. generacji), Magic Keyboard i Smart Keyboard Folio (do kupienia osobno)<\/li>\n<li><strong>iPadOS\u00a0<\/strong>? pot\u0119\u017cny, intuicyjny i stworzony specjalnie dla iPada<\/li>\n<li>Ponad milion apek w App Store tylko dla iPada<\/li>\n<\/ul>\n<div class=\"column editorContent\" data-edit-id=\"3668\">\n<div class=\"row clearfix2 layer_element\">\n<div class=\"cells_holder clearfix2\">\n<div class=\"js-widget_holder static_configuration dbclick_edit static_widget layer_element\" data-currentview=\"1\" data-top=\"0%:0%:0%:0%\" data-left=\"0%:0%:0%:0%\" data-top-percent=\"0%:0%:0%:0%\" data-left-percent=\"0%:0%:0%:0%\" data-width=\"100%:100%:100%:100%\" data-height=\"auto:auto:auto:auto\" data-view=\"lg:1, md:1, sm:1, xs:1\" data-index=\"1\" data-parent-height=\"0\">\n<div class=\"widget text_editor clearfix2\">\n<h5><strong>Najdoskonalszy iPad. Turbodopalany czipem M1<\/strong><\/h5>\n<p>iPad Pro z czipem M1 to najszybsze urz\u0105dzenie tego typu. Zaprojektowane, by maksymalnie wykorzysta\u0107 bezprecedensow\u0105 wydajno\u015b\u0107 i wyj\u0105tkowe technologie, takie jak zaawanso\u00adwany procesor ISP oraz zunifikowana pami\u0119\u0107 RAM w czipie. A niesamowita energooszcz\u0119dno\u015b\u0107 M1, niezmiennie lekka i smuk\u0142a konstrukcja oraz bateria na ca\u0142y dzie\u0144 sprawiaj\u0105, \u017ce iPad Pro jest r\u00f3wnie pot\u0119\u017cny, jak przeno\u015bny.<\/p>\n<p><img decoding=\"async\" class=\"fr-dii fr-draggable is-loaded is-animated\" src=\"https:\/\/mediamarkt.pl\/media\/cache\/resolve\/filemanager_original\/images\/opisy_produktow\/komputery\/tablety\/apple\/ipad_pro_2021\/ipad_pro_2021.jpg\" data-src=\"\" \/><\/p>\n<h5><strong>Wy\u015bwietlacz Liquid Retina 11 cali<\/strong><\/h5>\n<p>Wy\u015bwietlacz Liquid Retina w iPadzie Pro 11 cali jest nie tylko przepi\u0119kny i superprzeno\u015bny. Oferuje te\u017c niezwykle zaawansowane technologie ? ProMotion, True Tone, szerok\u0105 gam\u0119 kolor\u00f3w P3 i ultraniski wsp\u00f3\u0142czynnik odbicia \u015bwiat\u0142a ? dzi\u0119ki kt\u00f3rym wszystko wygl\u0105da zachwycaj\u0105co, a ka\u017cda czynno\u015b\u0107 jest doskonale p\u0142ynna.<\/p>\n<p><img decoding=\"async\" class=\"fr-draggable fr-dib is-loaded is-animated\" src=\"https:\/\/mediamarkt.pl\/media\/cache\/resolve\/filemanager_original\/images\/opisy_produktow\/komputery\/tablety\/apple\/ipad_pro_2021\/ipad_pro_2021_11.jpg\" data-src=\"\" \/><\/p>\n<h5><strong>5G na iPadzie Pro*. Zawrotna pr\u0119dko\u015b\u0107 po\u0142\u0105cze\u0144<\/strong><\/h5>\n<p>iPad zawsze by\u0142 wyj\u0105tkowo mobilny dzi\u0119ki b\u0142yskawicznej \u0142\u0105czno\u015bci przez Wi?Fi i sie\u0107 kom\u00f3rkow\u0105. A poniewa\u017c teraz obs\u0142uguje technologi\u0119 5G*, mo\u017cesz \u0142\u0105czy\u0107 si\u0119 z najszybszymi sieciami bezprze\u00adwo\u00addowymi w dowolnym miejscu, \u017ceby swobodnie pobiera\u0107 i przesy\u0142a\u0107 pliki, strumieniowa\u0107 filmy lub pracowa\u0107 zespo\u0142owo. iPad Pro ma te\u017c najwi\u0119cej pasm ze wszystkich urz\u0105dze\u0144 tego typu, wi\u0119c sie\u0107 5G jest cz\u0119\u015bciej dost\u0119pna.<\/p>\n<p><img decoding=\"async\" class=\"fr-draggable fr-dib is-loaded is-animated\" src=\"https:\/\/mediamarkt.pl\/media\/cache\/resolve\/filemanager_original\/images\/opisy_produktow\/komputery\/tablety\/apple\/ipad_pro_2021\/ipad_pro_2021_2.jpg\" data-src=\"\" \/><\/p>\n<p><strong>* \u0142\u0105czno\u015b\u0107 5G dost\u0119pna w modelach oznaczonych WiFi + Cellular<\/strong>, Wymagany jest plan taryfowy na transmisj\u0119 danych. Technologie 5G, Gigabit LTE, LTE oraz po\u0142\u0105czenia telefoniczne przez Wi-Fi s\u0105 dost\u0119pne na wybranych rynkach oraz u wybranych operator\u00f3w. Podane szybko\u015bci opieraj\u0105 si\u0119 na przepustowo\u015bci teoretycznej i b\u0119d\u0105 si\u0119 r\u00f3\u017cni\u0107 w zale\u017cno\u015bci od operatora oraz warunk\u00f3w panuj\u0105cych w danym miejscu. Szczeg\u00f3\u0142owe informacje na temat obs\u0142ugi technologii 5G i LTE mo\u017cna uzyska\u0107 u operatora oraz na stronie apple.com\/pl\/ipad\/cellular<\/p>\n<p><strong>Apple Pencil i Magic Keyboard*<\/strong><\/p>\n<p>Dzi\u0119ki mocy Apple Pencil drugiej generacji mo\u017cesz przekszta\u0142ci\u0107 iPada Pro w efektowne p\u0142\u00f3tno malarskie lub najwspanialszy na \u015bwiecie notatnik. Bo Apple Pencil wyznacza nowy standard w rysowaniu czy dodawaniu adnotacji. Wszystko odbywa si\u0119 tak intuicyjnie i precyzyjnie, \u017ce wygl\u0105da na czary.<\/p>\n<p>Magic Keyboard to niezwykle czu\u0142a klawiatura z wbudowanym g\u0142adzikiem, kt\u00f3ry wzbogaca interakcje z systemem iPadOS. Napiszesz na niej wszystko ? od mejla czy pracy semestralnej po epick\u0105 powie\u015b\u0107. A poniewa\u017c ma pod\u015bwietlane klawisze, pozwoli Ci dzia\u0142a\u0107 tak\u017ce po godzinach.<\/p>\n<p><img decoding=\"async\" class=\"fr-draggable fr-dib is-loaded is-animated\" src=\"https:\/\/mediamarkt.pl\/media\/cache\/resolve\/filemanager_original\/images\/opisy_produktow\/komputery\/tablety\/apple\/ipad_pro_2021\/klawaitura_i_rysik_apple_pencil.jpg\" data-src=\"\" \/><\/p>\n<p>* Akcesoria s\u0105 sprzedawane oddzielnie. Zgodno\u015b\u0107 zale\u017cy od generacji urz\u0105dzenia<\/p>\n<\/div>\n<\/div>\n<\/div>\n<\/div>\n<\/div>\n<\/div>\n<\/div>\n<\/div>\n<\/div>\n<\/div>\n","protected":false},"excerpt":{"rendered":"<p>Opis i specyfikacja iPad Pro ma pot\u0119\u017cny czip Apple M1 przenosz\u0105cy jego wydajno\u015b\u0107 na nowy poziom oraz bateri\u0119, kt\u00f3ra starczy na ca\u0142y dzie\u01443. Przepi\u0119kny i superprzeno\u015bny wy\u015bwietlacz Liquid Retina 11 cali. Zdumiewaj\u0105co szybk\u0105 \u0142\u0105czno\u015b\u0107 5G ? kiedy nie \u0142apiesz Wi-Fi ? w modelach z obs\u0142ug\u0105 sieci kom\u00f3rkowej. Funkcj\u0119 Centrum uwagi w przednim aparacie, kt\u00f3ra automatycznie [&hellip;]<\/p>\n","protected":false},"featured_media":31,"template":"","meta":[],"product_cat":[20,25],"product_tag":[21,27,43],"_links":{"self":[{"href":"https:\/\/sklepik.rayo.pl\/index.php?rest_route=\/wp\/v2\/product\/30"}],"collection":[{"href":"https:\/\/sklepik.rayo.pl\/index.php?rest_route=\/wp\/v2\/product"}],"about":[{"href":"https:\/\/sklepik.rayo.pl\/index.php?rest_route=\/wp\/v2\/types\/product"}],"wp:featuredmedia":[{"embeddable":true,"href":"https:\/\/sklepik.rayo.pl\/index.php?rest_route=\/wp\/v2\/media\/31"}],"wp:attachment":[{"href":"https:\/\/sklepik.rayo.pl\/index.php?rest_route=%2Fwp%2Fv2%2Fmedia&parent=30"}],"wp:term":[{"taxonomy":"product_cat","embeddable":true,"href":"https:\/\/sklepik.rayo.pl\/index.php?rest_route=%2Fwp%2Fv2%2Fproduct_cat&post=30"},{"taxonomy":"product_tag","embeddable":true,"href":"https:\/\/sklepik.rayo.pl\/index.php?rest_route=%2Fwp%2Fv2%2Fproduct_tag&post=30"}],"curies":[{"name":"wp","href":"https:\/\/api.w.org\/{rel}","templated":true}]}}