{"id":33,"date":"2022-04-12T15:26:55","date_gmt":"2022-04-12T13:26:55","guid":{"rendered":"https:\/\/sklepik.rayo.pl\/?post_type=product&#038;p=33"},"modified":"2022-04-29T10:38:45","modified_gmt":"2022-04-29T08:38:45","slug":"apple-new-ipad-air-10-9-wi-fi-256gb-gwiezdna-szarosc-5-gen","status":"publish","type":"product","link":"https:\/\/sklepik.rayo.pl\/?product=apple-new-ipad-air-10-9-wi-fi-256gb-gwiezdna-szarosc-5-gen","title":{"rendered":"Apple New iPad Air 10.9&#8243; Wi-Fi 256GB Gwiezdna szaro\u015b\u0107 (5.gen)"},"content":{"rendered":"<h5 class=\"header\">Opis i specyfikacja<\/h5>\n<div class=\"product-menu-description\" data-v-bde5137a=\"\" data-v-60f929e3=\"\">\n<div class=\"product-show-description\" data-v-52a6a292=\"\" data-v-bde5137a=\"\">\n<div class=\"content is-expanded\" data-v-52a6a292=\"\">\n<div data-v-52a6a292=\"\">\n<div data-v-52a6a292=\"\">\n<p>iPad Air. Ol\u015bniewaj\u0105cy wy\u015bwietlacz Liquid Retina 10,9 cala i technologia True Tone zwi\u0119kszaj\u0105 komfort ogl\u0105dania, a mocy nowego czipa A14 Bionic z systemem Neural Engine z zapasem wystarczy do edycji wideo 4K, tworzenia muzyki i grania w najnowsze gry. iPad Air ma tak\u017ce szybki, prosty i bezpieczny czytnik Touch ID, zaawansowane aparaty i port USB-C. Dzia\u0142a z wszechstronnymi akcesoriami, takimi jak klawiatura Magic Keyboard i Apple Pencil (2. generacji)*.<\/p>\n<p><strong>Korzy\u015bci:<\/strong><\/p>\n<ul>\n<li>Ol\u015bniewaj\u0105cy wy\u015bwietlacz Liquid Retina 10,9 cala z technologi\u0105 True Tone i szerok\u0105 gam\u0105 kolor\u00f3w P3<\/li>\n<li>Czip A14 Bionic z systemem Neural Engine<\/li>\n<li>Touch ID do bezpiecznego uwierzytelniania i obs\u0142ugi Apple Pay<\/li>\n<li>Tylny aparat 12 MP, przedni aparat FaceTime HD 7 MP<\/li>\n<li>Przestrzenny d\u017awi\u0119k stereo<\/li>\n<li>Przesy\u0142 danych w sieciach Wi-Fi 6 (802.11ax)<\/li>\n<li>Nawet 10 godzin pracy na baterii<\/li>\n<li>Z\u0142\u0105cze USB-C do \u0142adowania i pod\u0142\u0105czania akcesori\u00f3w<\/li>\n<li>Dzia\u0142a z klawiatur\u0105 Magic Keyboard, etui Smart Keyboard Folio i Apple Pencil (2. generacji)*<\/li>\n<li>System iPadOS 14 wprowadza nowe rozwi\u0105zania zaprojektowane specjalnie dla iPada<\/li>\n<\/ul>\n<p>* akcesoria s\u0105 sprzedawane oddzielnie<\/p>\n<div class=\"column editorContent\" data-edit-id=\"3590\">\n<div class=\"row clearfix2 layer_element\">\n<div class=\"cells_holder clearfix2\">\n<div class=\"js-widget_holder static_configuration dbclick_edit static_widget layer_element\" data-currentview=\"1\" data-top=\"0%:0%:0%:0%\" data-left=\"0%:0%:0%:0%\" data-top-percent=\"0%:0%:0%:0%\" data-left-percent=\"0%:0%:0%:0%\" data-width=\"100%:100%:100%:100%\" data-height=\"auto:auto:auto:auto\" data-view=\"lg:1, md:1, sm:1, xs:1\" data-index=\"1\" data-parent-height=\"0\">\n<div class=\"widget text_editor clearfix2\">\n<p><img decoding=\"async\" class=\"fr-dii fr-draggable is-loaded is-animated\" src=\"https:\/\/mediamarkt.pl\/media\/cache\/resolve\/filemanager_original\/images\/opisy_produktow\/komputery\/tablety\/apple\/ipad_air_4gen\/ipad_air_opis_1.jpg\" data-src=\"\" \/><\/p>\n<h5><strong>Ma moc. Ma kolor. Ma to co\u015b<\/strong><\/h5>\n<p>iPad Air potrafi wi\u0119cej niz komputer. I robi wszystko<\/p>\n<p>z urzekaj\u0105c\u0105 prostot\u0105. A dzi\u0119ki nowym funkcjom i mo\u017cliwo\u015bciom<\/p>\n<p>jest bardziej wszechstronny ni\u017c kiedykolwiek.<\/p>\n<p><strong>Ol\u015bniewaj\u0105cy wy\u015bwietlacz Liquid Retina 10,9<sup>1<\/sup><\/strong><\/p>\n<p><img decoding=\"async\" class=\"fr-dii fr-draggable is-loaded is-animated\" src=\"https:\/\/mediamarkt.pl\/media\/cache\/resolve\/filemanager_original\/images\/opisy_produktow\/komputery\/tablety\/apple\/ipad_air_4gen\/ipad_air_4gen_2.png\" data-src=\"\" \/><\/p>\n<p>Si\u0119gaj\u0105cy kraw\u0119dzi wy\u015bwietlacz Liquid Retina\u00a0<strong>10,9 cala<\/strong><sup>1<\/sup>\u00a0z technologi\u0105 True Tone oraz szerok\u0105 gam\u0105 kolor\u00f3w P3. Oraz Touch ID do szybkiego, prostego i bezpiecznego p\u0142acenia oraz logowania.<\/p>\n<h5><strong>Moc dla wszystkich<\/strong><\/h5>\n<p><img decoding=\"async\" class=\"fr-dii fr-draggable is-loaded is-animated\" src=\"https:\/\/mediamarkt.pl\/media\/cache\/resolve\/filemanager_original\/images\/opisy_produktow\/komputery\/tablety\/apple\/ipad_air_4gen\/ipad_air_4gen_3.png\" data-src=\"\" \/><\/p>\n<p>Czip A14 Bionic z \u0142atwo\u015bci\u0105 poradzi sobie zar\u00f3wno z codziennymi zadaniami, jak i edytowaniem wideo 4K czy przesy\u0142aniem plik\u00f3w przez z\u0142\u0105cze USB-C.<\/p>\n<h5><strong>Apple Pencil<sup>2<\/sup><\/strong><\/h5>\n<p><img decoding=\"async\" class=\"fr-dii fr-draggable is-loaded is-animated\" src=\"https:\/\/mediamarkt.pl\/media\/cache\/resolve\/filemanager_original\/images\/opisy_produktow\/komputery\/tablety\/apple\/ipad_air_4gen\/ipad_air_4gen_4.png\" data-src=\"\" \/><\/p>\n<p>Do rysowania na PDF-ach, stronach w sieci itp. Tylko nie po \u015bcianach. A tak\u017ce do malowania portret\u00f3w, notowania, dodawania adnotacji i do mn\u00f3stwa innych rzeczy.<\/p>\n<p>Aplikacje s\u0105 dost\u0119pne w App Store. Dost\u0119pno\u015b\u0107 publikacji mo\u017ce ulec zmianie.<br \/>\n1 Wy\u015bwietlacz ma zaokr\u0105glone rogi. Przyjmuj\u0105c, \u017ce powierzchnia ekranu jest prostok\u0105tem, ekran iPada Air (5. generacji) ma przek\u0105tn\u0105 10,86 cala. Faktyczny obszar wy\u015bwietlania jest mniejszy.<br \/>\n2 Akcesoria s\u0105 sprzedawane oddzielnie. Zgodno\u015b\u0107 urz\u0105dze\u0144 zale\u017cy od ich generacji.<br \/>\n3 Faktyczna wydajno\u015b\u0107 baterii zale\u017cy od konfiguracji i sposobu u\u017cytkowania. Wi\u0119cej informacji na stronie apple.com\/pl\/batteries.<\/p>\n<\/div>\n<\/div>\n<\/div>\n<\/div>\n<\/div>\n<\/div>\n<\/div>\n<\/div>\n<\/div>\n<\/div>\n","protected":false},"excerpt":{"rendered":"<p>Opis i specyfikacja iPad Air. Ol\u015bniewaj\u0105cy wy\u015bwietlacz Liquid Retina 10,9 cala i technologia True Tone zwi\u0119kszaj\u0105 komfort ogl\u0105dania, a mocy nowego czipa A14 Bionic z systemem Neural Engine z zapasem wystarczy do edycji wideo 4K, tworzenia muzyki i grania w najnowsze gry. iPad Air ma tak\u017ce szybki, prosty i bezpieczny czytnik Touch ID, zaawansowane aparaty [&hellip;]<\/p>\n","protected":false},"featured_media":34,"template":"","meta":[],"product_cat":[20,25],"product_tag":[23,27],"_links":{"self":[{"href":"https:\/\/sklepik.rayo.pl\/index.php?rest_route=\/wp\/v2\/product\/33"}],"collection":[{"href":"https:\/\/sklepik.rayo.pl\/index.php?rest_route=\/wp\/v2\/product"}],"about":[{"href":"https:\/\/sklepik.rayo.pl\/index.php?rest_route=\/wp\/v2\/types\/product"}],"wp:featuredmedia":[{"embeddable":true,"href":"https:\/\/sklepik.rayo.pl\/index.php?rest_route=\/wp\/v2\/media\/34"}],"wp:attachment":[{"href":"https:\/\/sklepik.rayo.pl\/index.php?rest_route=%2Fwp%2Fv2%2Fmedia&parent=33"}],"wp:term":[{"taxonomy":"product_cat","embeddable":true,"href":"https:\/\/sklepik.rayo.pl\/index.php?rest_route=%2Fwp%2Fv2%2Fproduct_cat&post=33"},{"taxonomy":"product_tag","embeddable":true,"href":"https:\/\/sklepik.rayo.pl\/index.php?rest_route=%2Fwp%2Fv2%2Fproduct_tag&post=33"}],"curies":[{"name":"wp","href":"https:\/\/api.w.org\/{rel}","templated":true}]}}