{"id":41,"date":"2022-04-13T12:30:52","date_gmt":"2022-04-13T10:30:52","guid":{"rendered":"https:\/\/sklepik.rayo.pl\/?post_type=product&#038;p=41"},"modified":"2022-04-25T10:05:58","modified_gmt":"2022-04-25T08:05:58","slug":"hp-neverstop-laser-1200w","status":"publish","type":"product","link":"https:\/\/sklepik.rayo.pl\/?product=hp-neverstop-laser-1200w","title":{"rendered":"HP Neverstop Laser 1200w"},"content":{"rendered":"<p>&nbsp;<\/p>\n<div class=\"opis_market\">\n<div class=\"mainWidth_v\">\n<div class=\"lewa\"><span style=\"font-size: 24px;font-weight: bold;letter-spacing: -0.0415625em\">Szybkie uzupe\u0142nianie poziomu toneru<\/span><\/div>\n<div class=\"prawa\">\n<p><b>Prze\u0142omowe rozwi\u0105zanie uzupe\u0142niania toneru<\/b> sprawia, \u017ce drukarka b\u0119dzie mog\u0142a b\u0142yskawicznie wr\u00f3ci\u0107 do pracy. Szybka realizacja zada\u0144 z wydajno\u015bci\u0105 i wszechstronno\u015bci\u0105 urz\u0105dzenia wielofunkcyjnego ? drukowanie, skanowanie i kopiowanie.<\/p>\n<p><img decoding=\"async\" class=\"has-lazy-load is-loaded\" src=\"https:\/\/www.mediaexpert.pl\/media\/cache\/resolve\/filemanager_original\/images\/descriptions\/images\/19\/1949055\/storage_app_opisy2_hp_553028\/hp_neverstop_1200w_3_szybkie_uzupe__nianie.jpg\" alt=\"Urz\u0105dzenie wielofunkcyjne HP Neverstop 1200w - Szybkie uzupe\u0142nianie \" data-adafir-ll=\"1\" \/><\/p>\n<\/div>\n<\/div>\n<\/div>\n<div class=\"clear_box\"><\/div>\n<div class=\"opis_market\">\n<div class=\"mainWidth_v\">\n<div class=\"lewa\"><span style=\"font-size: 24px;font-weight: bold;letter-spacing: -0.0415625em\">Tysi\u0105ce stron druku natychmiast po rozpakowaniu<\/span><\/div>\n<div class=\"prawa\">\n<p>Zminimalizuj przestoje i drukuj do dziesi\u0119ciu razy wi\u0119cej stron od razu po rozpakowaniu w por\u00f3wnaniu do urz\u0105dzenia wielofunkcyjnego HP w tej samej klasie. <b>Laserowe urz\u0105dzenie wielofunkcyjne HP Neverstop<\/b> zapewnia wyj\u0105tkow\u0105 jako\u015b\u0107 strona po stronie.<\/p>\n<p><img decoding=\"async\" class=\"has-lazy-load is-loaded\" src=\"https:\/\/www.mediaexpert.pl\/media\/cache\/resolve\/filemanager_original\/images\/descriptions\/images\/19\/1949055\/storage_app_opisy2_hp_553028\/hp_neverstop_1200w_4_jako____.jpg\" alt=\"Urz\u0105dzenie wielofunkcyjne HP Neverstop 1200w - jako\u015b\u0107 \" data-adafir-ll=\"1\" \/><\/p>\n<\/div>\n<\/div>\n<\/div>\n<div class=\"clear_box\"><\/div>\n<div class=\"opis_market\">\n<div class=\"mainWidth_v\">\n<div class=\"lewa\"><span style=\"font-size: 24px;font-weight: bold;letter-spacing: -0.0415625em\">Wolno\u015b\u0107 pracy z dowolnego miejsca<\/span><\/div>\n<div class=\"prawa\">\n<p>Szybki dost\u0119p i druk dokument\u00f3w oraz obraz\u00f3w z poziomu smartfona, us\u0142ugi Dropbox i Dysku Google. <b>Aplikacja HP Smart<\/b> zapewnia prost\u0105 konfiguracj\u0119, drukowanie i skanowanie za pomoc\u0105 telefonu.<\/p>\n<p><img decoding=\"async\" class=\"has-lazy-load is-loaded\" src=\"https:\/\/www.mediaexpert.pl\/media\/cache\/resolve\/filemanager_original\/images\/descriptions\/images\/19\/1949055\/storage_app_opisy2_hp_553028\/hp_neverstop_1200w_5_hp_smart.jpg\" alt=\"Urz\u0105dzenie wielofunkcyjne HP Neverstop 1200w - HP Smart \" data-adafir-ll=\"1\" \/><\/p>\n<\/div>\n<\/div>\n<\/div>\n<div class=\"clear_box\"><\/div>\n","protected":false},"excerpt":{"rendered":"<p>&nbsp; Szybkie uzupe\u0142nianie poziomu toneru Prze\u0142omowe rozwi\u0105zanie uzupe\u0142niania toneru sprawia, \u017ce drukarka b\u0119dzie mog\u0142a b\u0142yskawicznie wr\u00f3ci\u0107 do pracy. Szybka realizacja zada\u0144 z wydajno\u015bci\u0105 i wszechstronno\u015bci\u0105 urz\u0105dzenia wielofunkcyjnego ? drukowanie, skanowanie i kopiowanie. Tysi\u0105ce stron druku natychmiast po rozpakowaniu Zminimalizuj przestoje i drukuj do dziesi\u0119ciu razy wi\u0119cej stron od razu po rozpakowaniu w por\u00f3wnaniu do urz\u0105dzenia [&hellip;]<\/p>\n","protected":false},"featured_media":45,"template":"","meta":[],"product_cat":[33],"product_tag":[34,35],"_links":{"self":[{"href":"https:\/\/sklepik.rayo.pl\/index.php?rest_route=\/wp\/v2\/product\/41"}],"collection":[{"href":"https:\/\/sklepik.rayo.pl\/index.php?rest_route=\/wp\/v2\/product"}],"about":[{"href":"https:\/\/sklepik.rayo.pl\/index.php?rest_route=\/wp\/v2\/types\/product"}],"wp:featuredmedia":[{"embeddable":true,"href":"https:\/\/sklepik.rayo.pl\/index.php?rest_route=\/wp\/v2\/media\/45"}],"wp:attachment":[{"href":"https:\/\/sklepik.rayo.pl\/index.php?rest_route=%2Fwp%2Fv2%2Fmedia&parent=41"}],"wp:term":[{"taxonomy":"product_cat","embeddable":true,"href":"https:\/\/sklepik.rayo.pl\/index.php?rest_route=%2Fwp%2Fv2%2Fproduct_cat&post=41"},{"taxonomy":"product_tag","embeddable":true,"href":"https:\/\/sklepik.rayo.pl\/index.php?rest_route=%2Fwp%2Fv2%2Fproduct_tag&post=41"}],"curies":[{"name":"wp","href":"https:\/\/api.w.org\/{rel}","templated":true}]}}