{"id":46,"date":"2022-04-13T12:34:25","date_gmt":"2022-04-13T10:34:25","guid":{"rendered":"https:\/\/sklepik.rayo.pl\/?post_type=product&#038;p=46"},"modified":"2022-04-29T10:46:09","modified_gmt":"2022-04-29T08:46:09","slug":"xbox-series-x","status":"publish","type":"product","link":"https:\/\/sklepik.rayo.pl\/?product=xbox-series-x","title":{"rendered":"Xbox Series X"},"content":{"rendered":"<div class=\"clear_box\"><\/div>\n<div class=\"opis_market\">\n<div class=\"mainWidth_v\">\n<div class=\"lewa\"><span style=\"font-size: 24px;font-weight: bold;letter-spacing: -0.0415625em\">REALISTYCZNE \u015aWIATY<\/span><\/div>\n<div class=\"prawa\">\n<p>Dzi\u0119ki niezr\u00f3wnanej mocy obliczeniowej grafiki <b>12 teraflop\u00f3w<\/b> odkrywaj nowe, bogate \u015bwiaty i ciesz si\u0119 gr\u0105 jak nigdy dot\u0105d.<\/p>\n<p><b>Architektura AMD Zen 2<\/b> i <b>RDNA<\/b> oraz <b>\u015bledzenie promieni DirectX<\/b> zapewniaj\u0105 realistyczne o\u015bwietlenie, cienie i precyzyjne odbicia, tworz\u0105c dynamiczne, \u017cywe obrazy \u015bwiata.<\/p>\n<p><img decoding=\"async\" class=\"has-lazy-load is-loaded\" src=\"https:\/\/www.mediaexpert.pl\/media\/cache\/resolve\/filemanager_original\/images\/descriptions\/images\/33\/3331542\/storage_app_opisy2_microsoft_561936\/konsola_xbox_series_x_microsoft_2_wydajnosc.jpg\" alt=\"konsola xbox series x microsoft wydajnosc procesor AMD grafika moc obliczeniowa teraflopy \" data-adafir-ll=\"1\" \/><\/p>\n<\/div>\n<\/div>\n<\/div>\n<div class=\"clear_box\"><\/div>\n<div class=\"opis_market\">\n<div class=\"mainWidth_v\">\n<div class=\"lewa\"><span style=\"font-size: 24px;font-weight: bold;letter-spacing: -0.0415625em\">NIESPOTYKANA GRAFIKA dzi\u0119ki wydajnemu ch\u0142odzeniu<\/span><\/div>\n<div class=\"prawa\">\n<p><b>Trzy kana\u0142y przep\u0142ywu powietrza<\/b> r\u00f3wnomiernie rozprowadzaj\u0105 temperatur\u0119 generowan\u0105 przez <b>zaawansowane podzespo\u0142y wewn\u0119trzne<\/b>, dzi\u0119ki czemu <b>konsola pracuje cicho i si\u0119 nie nagrzewa<\/b>. Innowacyjna architektura r\u00f3wnoleg\u0142ego ch\u0142odzenia zapewnia niezwyk\u0142\u0105 jako\u015b\u0107 rozgrywki dzi\u0119ki niespotykanej jako\u015bci grafiki i wydajno\u015bci.<\/p>\n<p><img decoding=\"async\" class=\"has-lazy-load is-loaded\" src=\"https:\/\/www.mediaexpert.pl\/media\/cache\/resolve\/filemanager_original\/images\/descriptions\/images\/33\/3331542\/storage_app_opisy2_microsoft_561936\/konsola_xbox_series_x_microsoft_3_chlodzenie.jpg\" alt=\"konsola xbox series x microsoft chlodzenie wentylator podzespo\u0142y wydajno\u015b\u0107 \" data-adafir-ll=\"1\" \/><\/p>\n<\/div>\n<\/div>\n<\/div>\n<div class=\"clear_box\"><\/div>\n<div class=\"opis_market\">\n<div class=\"mainWidth_v\">\n<div class=\"lewa\"><span style=\"font-size: 24px;font-weight: bold;letter-spacing: -0.0415625em\">Niespotykana konstrukcja wewn\u0119trzna<\/span><\/div>\n<div class=\"prawa\">\n<p><b>Dzielona p\u0142yta g\u0142\u00f3wna<\/b> zastosowana po raz pierwszy w konsoli do gier umo\u017cliwia <b>kontrol\u0119 temperatury komponent\u00f3w wewn\u0119trznych Xbox Series X<\/b>, zwi\u0119kszaj\u0105c tym samym jej wydajno\u015b\u0107. <b>Niezwykle cichy wiatrak<\/b> stanowi element architektury r\u00f3wnoleg\u0142ego ch\u0142odzenia konsoli, ch\u0142odz\u0105c komponenty bez zak\u0142\u00f3cania rozgrywki.<\/p>\n<p><b>Radiator<\/b> to pasywne, nieelektryczne urz\u0105dzenie mechaniczne, odgrywaj\u0105ce kluczow\u0105 rol\u0119 w niezawodno\u015bci i wydajno\u015bci, kt\u00f3re <b>zintegrowano bezpo\u015brednio z obudow\u0105 konsoli<\/b>. <b>Komora parowa<\/b> zastosowana w Xbox Series X umo\u017cliwia <b>r\u00f3wnomierne rozprowadzanie temperatury<\/b> pomi\u0119dzy rdzeniem a pami\u0119ci\u0105.<\/p>\n<p><img decoding=\"async\" class=\"has-lazy-load is-loaded\" src=\"https:\/\/www.mediaexpert.pl\/media\/cache\/resolve\/filemanager_original\/images\/descriptions\/images\/33\/3331542\/storage_app_opisy2_microsoft_561936\/konsola_xbox_series_x_microsoft_4_podzespoly.jpg\" alt=\"konsola xbox series x microsoft podzespoly p\u0142yta g\u0142\u00f3wna pami\u0119\u0107 radiator wiatrak \" data-adafir-ll=\"1\" \/><\/p>\n<\/div>\n<\/div>\n<\/div>\n<div class=\"clear_box\"><\/div>\n<div class=\"opis_market\">\n<div class=\"mainWidth_v\">\n<div class=\"lewa\"><span style=\"font-size: 24px;font-weight: bold;letter-spacing: -0.0415625em\">TYSI\u0104CE GIER Z CZTERECH GENERACJI<\/span><\/div>\n<div class=\"prawa\">\n<p><b>Wsteczna kompatybilno\u015b\u0107<\/b> sprawia, \u017ce <b>mo\u017cesz gra\u0107 w tysi\u0105ce gier na konsolach Xbox czterech generacji<\/b> (w tym <b>Xbox One<\/b>, <b>Xbox 360<\/b> i <b>Xbox<\/b>). Dzi\u0119ki pot\u0119\u017cnym funkcjom i szybko\u015bci konsoli <b>Xbox Series X<\/b> wiele z tych gier b\u0119dzie wygl\u0105da\u0107 i dzia\u0142a\u0107 lepiej ni\u017c kiedykolwiek. <b>Funkcja szybkiego przywracania (Quick Resume)<\/b> umo\u017cliwia <b>natychmiastowe prze\u0142\u0105czanie si\u0119 mi\u0119dzy r\u00f3\u017cnymi tytu\u0142ami<\/b>.<\/p>\n<p>Pobierz i zagraj w ponad 100 wysokiej jako\u015bci gier, w tym wszystkie <b>nowe tytu\u0142y Xbox Game Studios<\/b>, takie jak <b>Forza Motorsport<\/b> i <b>Halo Infinite<\/b>, w dniu ich premiery w ramach <b>subskrypcji Xbox Game Pass Ultimate<\/b> (konto sprzedawane osobno).<\/p>\n<p>Gry z oznaczeniem <b>Zoptymalizowane dla Xbox Series X<\/b> cechuje niezr\u00f3wnany czas wczytywania, <b>ulepszone efekty wizualne<\/b> i stabilniejsza <b>pr\u0119dko\u015b\u0107 do 120 klatek na sekund\u0119<\/b>. Nale\u017c\u0105 do nich nowe tytu\u0142y stworzone z wykorzystaniem \u015brodowiska programistycznego <b>Xbox Series X<\/b>, a tak\u017ce wcze\u015bniej wydane tytu\u0142y, kt\u00f3re zosta\u0142y przetworzone specjalnie na konsol\u0119 Xbox Series X.<\/p>\n<p><img decoding=\"async\" class=\"has-lazy-load is-loaded\" src=\"https:\/\/www.mediaexpert.pl\/media\/cache\/resolve\/filemanager_original\/images\/descriptions\/images\/33\/3331542\/storage_app_opisy2_microsoft_561936\/konsola_xbox_series_x_microsoft_5_gry.jpg\" alt=\"konsola xbox series x microsoft gry optymalizacja grafika rozdzielczo\u015b\u0107 pr\u0119dko\u015b\u0107 \" data-adafir-ll=\"1\" \/><\/p>\n<\/div>\n<\/div>\n<\/div>\n<div class=\"clear_box\"><\/div>\n<div class=\"opis_market\">\n<div class=\"mainWidth_v\">\n<div class=\"lewa\"><span style=\"font-size: 24px;font-weight: bold;letter-spacing: -0.0415625em\">WI\u0118CEJ PAMI\u0118CI BEZ KOMPROMIS\u00d3W<\/span><\/div>\n<div class=\"prawa\">\n<p><b>Karta rozszerzenia przestrzeni dyskowej<\/b> dla konsoli <b>Xbox Series X<\/b> zapewnia <b>dodatkowy 1 TB pami\u0119ci zewn\u0119trznej<\/b> (sprzedawana osobno), zachowuj\u0105c jednocze\u015bnie najwy\u017csz\u0105 mo\u017cliw\u0105 wydajno\u015b\u0107 oferowan\u0105 przez wewn\u0119trzny dysk SSD konsoli.<\/p>\n<p>Takie rozwi\u0105zanie zapewnia p\u0142ynn\u0105 rozgrywk\u0119, niezale\u017cnie od tego ile tytu\u0142\u00f3w gier posiadasz w swojej unikatowej kolekcji.<\/p>\n<p><img decoding=\"async\" class=\"has-lazy-load is-loaded\" src=\"https:\/\/www.mediaexpert.pl\/media\/cache\/resolve\/filemanager_original\/images\/descriptions\/images\/33\/3331542\/storage_app_opisy2_microsoft_561936\/konsola_xbox_series_x_microsoft_6_pamiec.jpg\" alt=\"konsola xbox series x microsoft pamiec dyski ssd karty \" data-adafir-ll=\"1\" \/><\/p>\n<\/div>\n<\/div>\n<\/div>\n<div class=\"clear_box\"><\/div>\n<div class=\"opis_market\">\n<div class=\"mainWidth_v\">\n<div class=\"lewa\"><span style=\"font-size: 24px;font-weight: bold;letter-spacing: -0.0415625em\">UDOSKONALONY KONTROLER XBOX<\/span><\/div>\n<div class=\"prawa\">\n<p>Nowoczesny design <b>bezprzewodowego kontrolera Xbox<\/b> poprawia komfort podczas gry. <b>Teksturowany uchwyt<\/b> umo\u017cliwia precyzyjne celowanie. <b>Chropowata faktura przycisk\u00f3w spustu i bumper\u00f3w<\/b> zapobiega temu, aby kontroler wymkn\u0105\u0142 si\u0119 spod kontroli.<\/p>\n<p><b>Nowy, hybrydowy pad kierunkowy<\/b> umo\u017cliwia wykonywanie kombinacji bez konieczno\u015bci krzy\u017cowania palc\u00f3w. Dzi\u0119ki <b>przyciskowi udost\u0119pniania<\/b> mo\u017cesz uwieczni\u0107 swoje zwyci\u0119stwo i szybko pochwali\u0107 si\u0119 znajomym swoimi umiej\u0119tno\u015bciami.<\/p>\n<p><img decoding=\"async\" class=\"has-lazy-load is-loaded\" src=\"https:\/\/www.mediaexpert.pl\/media\/cache\/resolve\/filemanager_original\/images\/descriptions\/images\/33\/3331542\/storage_app_opisy2_microsoft_561936\/konsola_xbox_series_x_microsoft_7_kontroler.jpg\" alt=\"konsola xbox series x microsoft kontroler sterowanie\" data-adafir-ll=\"1\" \/><\/p>\n<\/div>\n<\/div>\n<\/div>\n<div class=\"clear_box\"><\/div>\n<div class=\"opis_market\">\n<div class=\"mainWidth_v\">\n<div class=\"lewa\"><span style=\"font-size: 24px;font-weight: bold;letter-spacing: -0.0415625em\">Wa\u017cne informacje:<\/span><\/div>\n<div class=\"prawa\">\n<p><b>4K przy 120 FPS<\/b>: wymaga obs\u0142ugiwanych tre\u015bci i wy\u015bwietlacza; korzystaj na Xbox Series X, gdy zawarto\u015b\u0107 b\u0119dzie dost\u0119pna.<\/p>\n<p><b>8K<\/b>: wymaga obs\u0142ugiwanej zawarto\u015bci i wy\u015bwietlacza. Korzystaj na <b>Xbox Series X<\/b>, gdy zawarto\u015b\u0107 stanie si\u0119 dost\u0119pna.<\/p>\n<p><b>Xbox Game Pass<\/b>: cz\u0142onkostwo sprzedawane osobno. Katalog gier zmienia si\u0119 w czasie i r\u00f3\u017cni si\u0119 w zale\u017cno\u015bci od regionu.<\/p>\n<p><b>120 kl.\/s<\/b>: wymaga obs\u0142ugiwanej zawarto\u015bci i wy\u015bwietlacza; korzystaj na Xbox Series X i S, gdy zawarto\u015b\u0107 b\u0119dzie dost\u0119pna.<\/p>\n<p><b>Przesy\u0142anie strumieniowe 4K<\/b>: z wybranymi aplikacjami. Niekt\u00f3re aplikacje wymagaj\u0105 subskrypcji specyficznych dla dostawcy aplikacji lub innych wymaga\u0144.<\/p>\n<p><b>Dolby: Dolby Vision HDR na Xbox<\/b> wymaga zgodnego wy\u015bwietlacza. <b>Dolby Atmos na s\u0142uchawki<\/b> wymaga dodatkowego zakupu w sklepie <b>Microsoft Store<\/b>.<\/p>\n<p><b>Halo Infinite<\/b>: spodziewana data premiery: 2021 r.<\/p>\n<p>Inteligentne Pobieranie: tylko obs\u0142ugiwane gry.<\/p>\n<p>Aplikacja Xbox Family Settings: konto dziecka musi by\u0107 zalogowane na koncie Microsoft z profilem Xbox u\u017cywanym w rodzinie, aby ustawienia mog\u0142y by\u0107 zastosowane. <b>Aplikacja Xbox Family Settings<\/b> wymaga systemu iOS 10 lub nowszego albo systemu Android 5, lub nowszego.<\/p>\n<p><img decoding=\"async\" class=\"has-lazy-load is-loaded\" src=\"https:\/\/www.mediaexpert.pl\/media\/cache\/resolve\/filemanager_original\/images\/descriptions\/images\/33\/3331542\/storage_app_opisy2_microsoft_346683\/konsola_microsoft_xbox_series_s_8_info.jpg\" alt=\"Konsola MICROSOFT XBOX Series S informacje \" data-adafir-ll=\"1\" \/><\/p>\n<\/div>\n<\/div>\n<\/div>\n<div class=\"clear_box\"><\/div>\n","protected":false},"excerpt":{"rendered":"<p>REALISTYCZNE \u015aWIATY Dzi\u0119ki niezr\u00f3wnanej mocy obliczeniowej grafiki 12 teraflop\u00f3w odkrywaj nowe, bogate \u015bwiaty i ciesz si\u0119 gr\u0105 jak nigdy dot\u0105d. Architektura AMD Zen 2 i RDNA oraz \u015bledzenie promieni DirectX zapewniaj\u0105 realistyczne o\u015bwietlenie, cienie i precyzyjne odbicia, tworz\u0105c dynamiczne, \u017cywe obrazy \u015bwiata. NIESPOTYKANA GRAFIKA dzi\u0119ki wydajnemu ch\u0142odzeniu Trzy kana\u0142y przep\u0142ywu powietrza r\u00f3wnomiernie rozprowadzaj\u0105 temperatur\u0119 generowan\u0105 [&hellip;]<\/p>\n","protected":false},"featured_media":47,"template":"","meta":[],"product_cat":[28],"product_tag":[57],"_links":{"self":[{"href":"https:\/\/sklepik.rayo.pl\/index.php?rest_route=\/wp\/v2\/product\/46"}],"collection":[{"href":"https:\/\/sklepik.rayo.pl\/index.php?rest_route=\/wp\/v2\/product"}],"about":[{"href":"https:\/\/sklepik.rayo.pl\/index.php?rest_route=\/wp\/v2\/types\/product"}],"wp:featuredmedia":[{"embeddable":true,"href":"https:\/\/sklepik.rayo.pl\/index.php?rest_route=\/wp\/v2\/media\/47"}],"wp:attachment":[{"href":"https:\/\/sklepik.rayo.pl\/index.php?rest_route=%2Fwp%2Fv2%2Fmedia&parent=46"}],"wp:term":[{"taxonomy":"product_cat","embeddable":true,"href":"https:\/\/sklepik.rayo.pl\/index.php?rest_route=%2Fwp%2Fv2%2Fproduct_cat&post=46"},{"taxonomy":"product_tag","embeddable":true,"href":"https:\/\/sklepik.rayo.pl\/index.php?rest_route=%2Fwp%2Fv2%2Fproduct_tag&post=46"}],"curies":[{"name":"wp","href":"https:\/\/api.w.org\/{rel}","templated":true}]}}