{"id":54,"date":"2022-04-13T12:41:16","date_gmt":"2022-04-13T10:41:16","guid":{"rendered":"https:\/\/sklepik.rayo.pl\/?post_type=product&#038;p=54"},"modified":"2022-04-25T10:10:35","modified_gmt":"2022-04-25T08:10:35","slug":"zegarek-sportowy-garmin-epix-2-czarno-srebrny","status":"publish","type":"product","link":"https:\/\/sklepik.rayo.pl\/?product=zegarek-sportowy-garmin-epix-2-czarno-srebrny","title":{"rendered":"Zegarek sportowy GARMIN Epix 2 Czarno-srebrny"},"content":{"rendered":"<div class=\"product-menu-description\" data-v-bde5137a=\"\" data-v-60f929e3=\"\">\n<div class=\"product-show-description\" data-v-52a6a292=\"\" data-v-bde5137a=\"\">\n<div class=\"content is-expanded\" data-v-52a6a292=\"\">\n<div data-v-52a6a292=\"\">\n<div data-v-52a6a292=\"\">\n<div class=\"column editorContent\">\n<div class=\"row clearfix2 layer_element\">\n<div class=\"cells_holder clearfix2\">\n<div class=\"cell layer_element g-col-lg-12\" data-parent-height=\"0\">\n<div class=\"widgets_holder\">\n<div class=\"js-widget_holder html_widget layer_element\" data-currentview=\"1\" data-top=\"0%:0%:0%:0%\" data-left=\"0%:0%:0%:0%\" data-top-percent=\"0%:0%:0%:0%\" data-left-percent=\"0%:0%:0%:0%\" data-width=\"100%:100%:100%:100%\" data-height=\"auto:auto:auto:auto\" data-view=\"lg:1, md:1, sm:1, xs:1\" data-parent-height=\"0\">\n<div class=\"widget html_editor\">\n<div id=\"hama\">\n<div id=\"hama_wrap\">\n<div class=\"baner\"><img decoding=\"async\" class=\"is-loaded is-animated\" src=\"https:\/\/mediamarkt.pl\/media\/cache\/resolve\/filemanager_original\/images\/desc\/22\/22697077\/baner-epix.jpg\" alt=\"\" data-src=\"\" \/><\/div>\n<div class=\"hama_top\">\n<div class=\"produkt\">\n<h5>Garmin EPIX 2 Slate Silicone Band<\/h5>\n<h6>B\u0105d\u017a epix?. Epix to nowy smartwatch do monitorowania aktywno\u015bci klasy premium z imponuj\u0105cym wy\u015bwietlaczem AMOLED, opcjonaln\u0105 szafirow\u0105 soczewk\u0105 z tytanowym bezelem i bateri\u0105 wystarczaj\u0105c\u0105 nawet na 16 dni pracy. Korzystaj z inteligentnych funkcji, p\u0142atno\u015bci zbli\u017ceniowych Garmin Pay?1 i mo\u017cliwo\u015bci przechowywania muzyki. Poznaj lepiej swoje cia\u0142o dzi\u0119ki funkcjom monitorowania zdrowia i samopoczucia 24\/7, takim jak m. in. pulsoksymetr2, pomiar t\u0119tna3 czy oddechu. Trenuj tak, jak chcesz, dzi\u0119ki ponad 30 wbudowanym aplikacjom sportowym i poprawiaj swoje wyniki dzi\u0119ki pomiarom wydajno\u015bci i planom treningowym Garmin Coach. Przed wypraw\u0105 pobierz mapy TopoActive za po\u015brednictwem Wi-Fi? lub skorzystaj z fabrycznie zainstalowanych wersji w zegarkach Sapphire Edition.<\/h6>\n<\/div>\n<\/div>\n<div class=\"hama_content\">\n<div class=\"produkt\">\n<h5>EKRAN DOTYKOWY I PRZYCISKI:<\/h5>\n<p>Wyj\u0105tkowy, 1,3-calowy wy\u015bwietlacz AMOLED z funkcj\u0105 ?zawsze w\u0142\u0105czony? czytelny nawet w pe\u0142nym s\u0142o\u0144cu. Niezawodne przyciski, kt\u00f3re sprawdzaj\u0105 si\u0119 w ka\u017cdych warunkach wraz z nowym, czu\u0142ym ekranem dotykowym, zapewniaj\u0105cym szybki dost\u0119p do wybranych funkcji i map.<\/p>\n<\/div>\n<div class=\"picture\"><img decoding=\"async\" class=\"is-loaded is-animated\" src=\"https:\/\/mediamarkt.pl\/media\/cache\/resolve\/filemanager_original\/images\/desc\/22\/22697077\/213722-1.jpg\" alt=\"\" data-src=\"\" \/><\/div>\n<\/div>\n<div class=\"hama_content revers\">\n<div class=\"produkt\">\n<h5>TRENINGI HIIT:<\/h5>\n<p>U\u017cyj profilu aktywno\u015bci z r\u00f3\u017cnymi timerami, aby u\u0142atwi\u0107 sobie treningi HIIT (w tym AMRAP, EMOM, Tabata i inne spersonalizowane). Ustaw liczb\u0119 rund, a tak\u017ce interwa\u0142y pracy\/odpoczynku.<\/p>\n<\/div>\n<div class=\"picture\"><img decoding=\"async\" class=\"is-loaded is-animated\" src=\"https:\/\/mediamarkt.pl\/media\/cache\/resolve\/filemanager_original\/images\/desc\/22\/22697077\/213722-2.jpg\" alt=\"\" data-src=\"\" \/><\/div>\n<\/div>\n<div class=\"hama_content \">\n<div class=\"produkt\">\n<h5>WIRTUALNE PROGNOZY WY\u015aCIG\u00d3W:<\/h5>\n<p>Na podstawie historii bieg\u00f3w i og\u00f3lnego poziomu sprawno\u015bci fizycznej, funkcja ta szacuje tempo na dystansie, kt\u00f3ry chcesz przebiec. Dane trendu pokazuj\u0105, jakie efekty przynosi Tw\u00f3j trening wraz z up\u0142ywem czasu.<\/p>\n<\/div>\n<div class=\"picture\"><img decoding=\"async\" class=\"is-loaded is-animated\" src=\"https:\/\/mediamarkt.pl\/media\/cache\/resolve\/filemanager_original\/images\/desc\/22\/22697077\/213722-3.jpg\" alt=\"\" data-src=\"\" \/><\/div>\n<\/div>\n<div class=\"baner\"><img decoding=\"async\" class=\"is-loaded is-animated\" src=\"https:\/\/mediamarkt.pl\/media\/cache\/resolve\/filemanager_original\/images\/desc\/22\/22697077\/epix-1.jpg\" alt=\"\" data-src=\"\" \/><\/div>\n<div class=\"hama_content revers\">\n<div class=\"produkt\">\n<h5>MONITOROWANIE WYDOLNO\u015aCI:<\/h5>\n<p>Zarz\u0105dzaj swoim wysi\u0142kiem na podstawie pomiaru danych. Dzi\u0119ki nim lepiej zrozumiesz, jak zmienia si\u0119 Twoja wytrzyma\u0142o\u015b\u0107 podczas treningu i unikniesz przeci\u0105\u017cenia na samym pocz\u0105tku biegu lub innej aktywno\u015bci.<\/p>\n<\/div>\n<div class=\"picture\"><img decoding=\"async\" class=\"is-loaded is-animated\" src=\"https:\/\/mediamarkt.pl\/media\/cache\/resolve\/filemanager_original\/images\/desc\/22\/22697077\/213722-4.jpg\" alt=\"\" data-src=\"\" \/><\/div>\n<\/div>\n<div class=\"hama_content \">\n<div class=\"produkt\">\n<h5>MAPY TOPOGRAFICZNE WIELU KONTYNENT\u00d3W:<\/h5>\n<p>Pobieraj mapy TopoActive z ca\u0142ego \u015bwiata za po\u015brednictwem Wi-Fi? lub wykorzystuj lokalne mapy fabrycznie zainstalowane na zegarkach z edycji Sapphire. Wy\u015bwietlaj kontury terenu, wysoko\u015bci, szczyty, parki, linie brzegowe, rzeki, jeziora i inne obiekty geograficzne.<\/p>\n<\/div>\n<\/div>\n<\/div>\n<\/div>\n<\/div>\n<\/div>\n<\/div>\n<\/div>\n<\/div>\n<\/div>\n<\/div>\n<\/div>\n<\/div>\n<\/div>\n<\/div>\n<\/div>\n","protected":false},"excerpt":{"rendered":"<p>Garmin EPIX 2 Slate Silicone Band B\u0105d\u017a epix?. Epix to nowy smartwatch do monitorowania aktywno\u015bci klasy premium z imponuj\u0105cym wy\u015bwietlaczem AMOLED, opcjonaln\u0105 szafirow\u0105 soczewk\u0105 z tytanowym bezelem i bateri\u0105 wystarczaj\u0105c\u0105 nawet na 16 dni pracy. Korzystaj z inteligentnych funkcji, p\u0142atno\u015bci zbli\u017ceniowych Garmin Pay?1 i mo\u017cliwo\u015bci przechowywania muzyki. Poznaj lepiej swoje cia\u0142o dzi\u0119ki funkcjom monitorowania zdrowia [&hellip;]<\/p>\n","protected":false},"featured_media":61,"template":"","meta":[],"product_cat":[36],"product_tag":[38,58],"_links":{"self":[{"href":"https:\/\/sklepik.rayo.pl\/index.php?rest_route=\/wp\/v2\/product\/54"}],"collection":[{"href":"https:\/\/sklepik.rayo.pl\/index.php?rest_route=\/wp\/v2\/product"}],"about":[{"href":"https:\/\/sklepik.rayo.pl\/index.php?rest_route=\/wp\/v2\/types\/product"}],"wp:featuredmedia":[{"embeddable":true,"href":"https:\/\/sklepik.rayo.pl\/index.php?rest_route=\/wp\/v2\/media\/61"}],"wp:attachment":[{"href":"https:\/\/sklepik.rayo.pl\/index.php?rest_route=%2Fwp%2Fv2%2Fmedia&parent=54"}],"wp:term":[{"taxonomy":"product_cat","embeddable":true,"href":"https:\/\/sklepik.rayo.pl\/index.php?rest_route=%2Fwp%2Fv2%2Fproduct_cat&post=54"},{"taxonomy":"product_tag","embeddable":true,"href":"https:\/\/sklepik.rayo.pl\/index.php?rest_route=%2Fwp%2Fv2%2Fproduct_tag&post=54"}],"curies":[{"name":"wp","href":"https:\/\/api.w.org\/{rel}","templated":true}]}}