{"id":66,"date":"2022-04-13T13:15:20","date_gmt":"2022-04-13T11:15:20","guid":{"rendered":"https:\/\/sklepik.rayo.pl\/?post_type=product&#038;p=66"},"modified":"2022-04-29T10:48:31","modified_gmt":"2022-04-29T08:48:31","slug":"hp-probook-450","status":"publish","type":"product","link":"https:\/\/sklepik.rayo.pl\/?product=hp-probook-450","title":{"rendered":"HP Probook 450"},"content":{"rendered":"<div class=\"opis_market\">\n<div class=\"mainWidth_v\">\n<div class=\"prawa\">\n<div class=\"product-essential\">\n<div class=\"product-name\" data-gtm-vis-recent-on-screen-13334491_6=\"1528\" data-gtm-vis-first-on-screen-13334491_6=\"1528\" data-gtm-vis-total-visible-time-13334491_6=\"100\" data-gtm-vis-has-fired-13334491_6=\"1\">\n<h5><span style=\"color: #000000\">LAPTOP HP PROBOOK 450 G8 15.6 FHD I5-1135G7 8GB 512GB SSD WIFI BT BK W10P 3Y<\/span><\/h5>\n<\/div>\n<div class=\"product-img-box\">\n<div class=\"more-views\">\n<h5 id=\"thumbs_slider10_nav\" class=\"more-views-nav\"><strong>Specyfikacja\u00a0<\/strong><\/h5>\n<\/div>\n<\/div>\n<\/div>\n<div class=\"product-tabs-container clearfix\">\n<div class=\"std\">\n<div id=\"ccs-inline-content\">\n<div id=\"inline-968063\" class=\"ccs-cc-inline ccs-cc-inline-hp ccs-cc-inline-custom ccs-cc-lang-plpol ccs-cc-block-inline\">\n<div id=\"top-968063\" data-ccs-cc-inline-jumplink=\"G\u00f3ra\" data-ccs-jumplink-hidden=\"true\"><\/div>\n<div class=\"ccs-cc-inline-section ccs-cc-inline-intro\"><\/div>\n<div class=\"ccs-cc-inline-section ccs-cc-inline-features ccs-cc-inline-key-features ccs-cc-inline-catalogue\" data-elementid=\"inline-content-features[hp]\" data-context=\"{&quot;mobile&quot;:false}\" data-ccs-cc-inline-jumplink=\"Cechy\" data-display-mode=\"noheader\">\n<div class=\"ccs-cc-inline-features-block ccs-cc-inline-single-feature\">\n<div class=\"ccs-cc-inline-feature\" data-type=\"text media\" data-pos=\"right\">\n<div class=\"ccs-cc-inline-feature-content ccs-cc-inline-thumbnail\"><a class=\"ccs-cc-inline-thumbnail-image ccs-cc-inline-thumbnail-media ccs-cc-inline-clickable\" title=\"Nowa konstrukcja dopasowana do nowoczesnego stylu pracy poka\u017c wi\u0119kszy obraz\" href=\"https:\/\/cdn.cs.1worldsync.com\/syndication\/feeds\/hp\/inline-content\/6U\/3\/E\/7\/F\/5\/3E7F58D5369555EE2428C11EF927D488CB67F1BD_w_400_hero.jpg\" data-media-type=\"image\" data-caption=\"Nowa konstrukcja dopasowana do nowoczesnego stylu pracy\"><img decoding=\"async\" src=\"https:\/\/cdn.cs.1worldsync.com\/syndication\/feeds\/hp\/inline-content\/6U\/3\/E\/7\/F\/5\/3E7F58D5369555EE2428C11EF927D488CB67F1BD_w_400_hero.jpg\" alt=\"Nowa konstrukcja dopasowana do nowoczesnego stylu pracy\" data-large=\"\" data-alt-text=\"Please wait while content is loading...\" aria-label=\"Nowa konstrukcja dopasowana do nowoczesnego stylu pracy\" \/><\/a><\/div>\n<div class=\"ccs-cc-inline-feature-content ccs-cc-inline-feature-description\">\n<h6>NOWA KONSTRUKCJA DOPASOWANA DO NOWOCZESNEGO STYLU PRACY<\/h6>\n<p>Lekka, kompaktowa i smuk\u0142a obudowa z aluminiowymi komponentami pozwala na \u0142atwe przenoszenie urz\u0105dzenia. Ciesz si\u0119 ponad 87-procentowym wsp\u00f3\u0142czynnikiem proporcji ekranu do obudowy oraz cicho i precyzyjnie dzia\u0142aj\u0105c\u0105 klawiatur\u0105.<\/p>\n<\/div>\n<\/div>\n<\/div>\n<div class=\"ccs-cc-inline-features-block ccs-cc-inline-single-feature\">\n<div class=\"ccs-cc-inline-feature\" data-type=\"text media\" data-pos=\"left\">\n<div class=\"ccs-cc-inline-feature-content ccs-cc-inline-thumbnail\"><a class=\"ccs-cc-inline-thumbnail-image ccs-cc-inline-thumbnail-media ccs-cc-inline-clickable\" title=\"Wielowarstwowe zabezpieczenia poka\u017c wi\u0119kszy obraz\" href=\"https:\/\/cdn.cs.1worldsync.com\/syndication\/feeds\/hp\/inline-content\/6U\/9\/9\/A\/B\/F\/99ABF066D967CD36EC27A5558C51CDE6DC677DBA_w_400_hero.jpg\" data-media-type=\"image\" data-caption=\"Wielowarstwowe zabezpieczenia\"><img decoding=\"async\" src=\"https:\/\/cdn.cs.1worldsync.com\/syndication\/feeds\/hp\/inline-content\/6U\/9\/9\/A\/B\/F\/99ABF066D967CD36EC27A5558C51CDE6DC677DBA_w_400_hero.jpg\" alt=\"Wielowarstwowe zabezpieczenia\" data-large=\"\" data-alt-text=\"Please wait while content is loading...\" aria-label=\"Wielowarstwowe zabezpieczenia\" \/><\/a><\/div>\n<div class=\"ccs-cc-inline-feature-content ccs-cc-inline-feature-description\">\n<h6>WIELOWARSTWOWE ZABEZPIECZENIA<\/h6>\n<p>HP Wolf Security for Business zapewnia solidn\u0105, zawsze w\u0142\u0105czon\u0105 ochron\u0119 wymuszan\u0105 sprz\u0119towo. Od systemu BIOS po przegl\u0105dark\u0119, w obr\u0119bie systemu operacyjnego, te stale ewoluuj\u0105ce rozwi\u0105zania pomagaj\u0105 chroni\u0107 komputer przed wsp\u00f3\u0142czesnymi zagro\u017ceniami.<sup><a id=\"ccs-f1inline-968063\" href=\"https:\/\/netland24.pl\/sklep\/627935\/Laptop-HP-ProBook-450-G8-15-6-FHD-i5-1135G7-8GB-512GB-SSD-WiFi-BT-BK-W10P-3Y#ccs-ft1inline-968063\">1<\/a><\/sup><\/p>\n<\/div>\n<\/div>\n<\/div>\n<div class=\"ccs-cc-inline-features-block ccs-cc-inline-single-feature\">\n<div class=\"ccs-cc-inline-feature\" data-type=\"text media\" data-pos=\"right\">\n<div class=\"ccs-cc-inline-feature-content ccs-cc-inline-thumbnail\"><a class=\"ccs-cc-inline-thumbnail-image ccs-cc-inline-thumbnail-media ccs-cc-inline-clickable\" title=\"Moc, kt\u00f3ra wystarczy na bardzo d\u0142ugo poka\u017c wi\u0119kszy obraz\" href=\"https:\/\/cdn.cs.1worldsync.com\/syndication\/feeds\/hp\/inline-content\/6U\/8\/D\/8\/A\/A\/8D8AAA0AA834487B84C06ECB50134180DD1A0868_w_400_hero.jpg\" data-media-type=\"image\" data-caption=\"Moc, kt\u00f3ra wystarczy na bardzo d\u0142ugo\"><img decoding=\"async\" src=\"https:\/\/cdn.cs.1worldsync.com\/syndication\/feeds\/hp\/inline-content\/6U\/8\/D\/8\/A\/A\/8D8AAA0AA834487B84C06ECB50134180DD1A0868_w_400_hero.jpg\" alt=\"Moc, kt\u00f3ra wystarczy na bardzo d\u0142ugo\" data-large=\"\" data-alt-text=\"Please wait while content is loading...\" aria-label=\"Moc, kt\u00f3ra wystarczy na bardzo d\u0142ugo\" \/><\/a><\/div>\n<div class=\"ccs-cc-inline-feature-content ccs-cc-inline-feature-description\">\n<h6>MOC, KT\u00d3RA WYSTARCZY NA BARDZO D\u0141UGO<\/h6>\n<p>Wyposa\u017cony w najnowszy procesor Intel<sup>?<\/sup><sup><a id=\"ccs-f2inline-968063\" href=\"https:\/\/netland24.pl\/sklep\/627935\/Laptop-HP-ProBook-450-G8-15-6-FHD-i5-1135G7-8GB-512GB-SSD-WiFi-BT-BK-W10P-3Y#ccs-ft2inline-968063\">2<\/a><\/sup>\u00a0i wysokowydajn\u0105 pami\u0119\u0107 komputer HP ProBook 450 zapewnia solidn\u0105 wydajno\u015b\u0107 dzi\u0119ki wytrzyma\u0142emu akumulatorowi oraz bardzo szybkim dyskom SSD.<\/p>\n<\/div>\n<\/div>\n<\/div>\n<\/div>\n<div class=\"ccs-cc-inline-section ccs-cc-inline-features ccs-cc-inline-catalogue\" data-elementid=\"inline-content-features[hp]\" data-context=\"{&quot;mobile&quot;:false}\" data-ccs-cc-inline-jumplink=\"Cechy\" data-display-mode=\"noheader\">\n<div class=\"ccs-cc-inline-features-block ccs-cc-inline-single-feature\">\n<div class=\"ccs-cc-inline-feature\" data-type=\"text media\" data-pos=\"left\">\n<div class=\"ccs-cc-inline-feature-content ccs-cc-inline-thumbnail\"><a class=\"ccs-cc-inline-thumbnail-image ccs-cc-inline-thumbnail-media ccs-cc-inline-clickable\" title=\"Komputer przeno\u015bny HP ProBook 450 G8 poka\u017c wi\u0119kszy obraz\" href=\"https:\/\/cdn.cs.1worldsync.com\/syndication\/feeds\/hp\/inline-content\/6U\/6\/2\/8\/2\/B\/6282B1231B99DC29400035DA7D3DD0AEDAA2FA14_w_400_hero.jpg\" data-media-type=\"image\" data-caption=\"Komputer przeno\u015bny HP ProBook 450 G8\"><img decoding=\"async\" src=\"https:\/\/cdn.cs.1worldsync.com\/syndication\/feeds\/hp\/inline-content\/6U\/6\/2\/8\/2\/B\/6282B1231B99DC29400035DA7D3DD0AEDAA2FA14_w_400_hero.jpg\" alt=\"Komputer przeno\u015bny HP ProBook 450 G8\" data-large=\"\" data-alt-text=\"Please wait while content is loading...\" aria-label=\"Komputer przeno\u015bny HP ProBook 450 G8\" \/><\/a><\/div>\n<div class=\"ccs-cc-inline-feature-content ccs-cc-inline-feature-description\">\n<h6>WINDOWS 10 PRO<\/h6>\n<p>Pracuj z\u00a0dowolnego miejsca bez utraty wydajno\u015bci lub bezpiecze\u0144stwa, korzystaj\u0105c z\u00a0systemu Windows 10 Pro. DARMOWA aktualizacja do Windows 11, gdy b\u0119dzie dost\u0119pna.<\/p>\n<h6><strong>WYSOKA JAKO\u015a\u0106 I MOBILNO\u015a\u0106<\/strong><\/h6>\n<p>Przyspiesz dzia\u0142anie wymagaj\u0105cych aplikacji biznesowych z wykorzystaniem czterordzeniowego procesora 11th Gen Intel<sup>?<\/sup>\u00a0Core<sup>?<\/sup>\u00a0z prze\u0142omowym uk\u0142adem graficznym Intel<sup>?<\/sup>\u00a0Iris<sup>?<\/sup>\u00a0Xe.<\/p>\n<h6>SZYBKA I WYDAJNA \u0141\u0104CZNO\u015a\u0106 BEZPRZEWODOWA LAN<\/h6>\n<p>Mobilno\u015b\u0107 komputera i niezawodno\u015b\u0107 szybkiego po\u0142\u0105czenia decyduje o tym, gdzie mo\u017cna pracowa\u0107. Uzyskaj szybkie i niezawodne po\u0142\u0105czenie w g\u0119stych \u015brodowiskach bezprzewodowych dzi\u0119ki technologii Wi-Fi 6 o gigabitowej pr\u0119dko\u015bci.<\/p>\n<\/div>\n<\/div>\n<\/div>\n<div class=\"ccs-cc-inline-features-block ccs-cc-inline-single-feature\">\n<div class=\"ccs-cc-inline-feature\" data-type=\"text media\" data-pos=\"right\">\n<div class=\"ccs-cc-inline-feature-content ccs-cc-inline-thumbnail\"><a class=\"ccs-cc-inline-thumbnail-image ccs-cc-inline-thumbnail-media ccs-cc-inline-clickable\" title=\"Komputer przeno\u015bny HP ProBook 450 G8 poka\u017c wi\u0119kszy obraz\" href=\"https:\/\/cdn.cs.1worldsync.com\/syndication\/feeds\/hp\/inline-content\/6U\/D\/9\/A\/A\/9\/D9AA98365EFC972FBDFA9E55AC03028B83EB21FE_w_400_hero.jpg\" data-media-type=\"image\" data-caption=\"Komputer przeno\u015bny HP ProBook 450 G8\"><img decoding=\"async\" src=\"https:\/\/cdn.cs.1worldsync.com\/syndication\/feeds\/hp\/inline-content\/6U\/D\/9\/A\/A\/9\/D9AA98365EFC972FBDFA9E55AC03028B83EB21FE_w_400_hero.jpg\" alt=\"Komputer przeno\u015bny HP ProBook 450 G8\" data-large=\"\" data-alt-text=\"Please wait while content is loading...\" aria-label=\"Komputer przeno\u015bny HP ProBook 450 G8\" \/><\/a><\/div>\n<div class=\"ccs-cc-inline-feature-content ccs-cc-inline-feature-description\">\n<h6>ZADBAJ O PRYWATNO\u015a\u0106<\/h6>\n<p>Zintegrowana kamera HP Privacy Camera jest wyposa\u017cona w fizyczn\u0105 przes\u0142on\u0119 chroni\u0105c\u0105 prywatno\u015b\u0107, dzi\u0119ki kt\u00f3rej nikt nie b\u0119dzie obserwowa\u0142 Twojej pracy.<\/p>\n<h6>AUTOMATYCZNE PRZYWRACANIE PO ATAKACH NA OPROGRAMOWANIE SPRZ\u0118TOWE<\/h6>\n<p>Ataki na oprogramowanie uk\u0142adowe mog\u0105 ca\u0142kowicie zrujnowa\u0107 Tw\u00f3j komputer. Zapewnij sobie ochron\u0119 dzi\u0119ki samonaprawiaj\u0105cemu si\u0119 systemowi BIOS, w jaki wyposa\u017cono rozwi\u0105zania HP ? HP Sure Start Gen6 automatycznie przywraca system BIOS po atakach z\u0142o\u015bliwego oprogramowania, program\u00f3w typu rootkit lub w\u0142amaniu.<\/p>\n<\/div>\n<\/div>\n<\/div>\n<\/div>\n<div class=\"ccs-cc-inline-section ccs-cc-inline-features ccs-cc-inline-key-specs\" data-elementid=\"inline-content-features[hp]\" data-context=\"{&quot;mobile&quot;:false}\" data-ccs-cc-inline-jumplink=\"Key Specifications\" data-display-mode=\"noheader\">\n<div class=\"ccs-cc-inline-features-block\">\n<div class=\"ccs-cc-inline-feature\" data-columns=\"3\">\n<div class=\"ccs-cc-inline-feature-column\">\n<div class=\"ccs-cc-inline-feature-content ccs-cc-inline-feature-description\">\n<ul>\n<li>SYSTEM OPERACYJNY Windows 10 Pro<\/li>\n<li><span style=\"letter-spacing: -0.0415625em;font-size: 18px;text-transform: uppercase\">TECHNOLOGIA BEZPRZEWODOWA<\/span><\/li>\n<\/ul>\n<\/div>\n<ul>\n<li class=\"ccs-cc-inline-feature-content ccs-cc-inline-feature-description\">Karta Intel<sup>?<\/sup>\u00a0AX201 Wi-Fi 6 (2\u00d72) z modu\u0142em Bluetooth<sup>?<\/sup>\u00a05 Combo, bez technologii vPro<sup>?<\/sup><\/li>\n<\/ul>\n<\/div>\n<div class=\"ccs-cc-inline-feature-column\">\n<div class=\"ccs-cc-inline-feature-content ccs-cc-inline-feature-description\">\n<ul>\n<li>PROCESOR\u00a0 Intel<sup style=\"letter-spacing: -0.015em\">?<\/sup><span style=\"font-size: 21px;letter-spacing: -0.015em\">\u00a0Core<\/span><sup style=\"letter-spacing: -0.015em\">?<\/sup><span style=\"font-size: 21px;letter-spacing: -0.015em\">\u00a0i5 1135G7<\/span><\/li>\n<\/ul>\n<\/div>\n<div class=\"ccs-cc-inline-feature-content ccs-cc-inline-feature-description\">\n<ul>\n<li>PAMI\u0118\u0106 8 GB DDR4<\/li>\n<\/ul>\n<\/div>\n<\/div>\n<div class=\"ccs-cc-inline-feature-column\">\n<div class=\"ccs-cc-inline-feature-content ccs-cc-inline-feature-description\">\n<ul>\n<li>DISPLAY Ekran FHD o przek\u0105tnej 39,6 cm (15,6?)<\/li>\n<\/ul>\n<\/div>\n<div class=\"ccs-cc-inline-feature-content ccs-cc-inline-feature-description\">\n<ul>\n<li>512 GB SSD<\/li>\n<\/ul>\n<\/div>\n<\/div>\n<\/div>\n<\/div>\n<\/div>\n<div class=\"ccs-cc-inline-section ccs-cc-inline-features ccs-cc-inline-ports\" data-elementid=\"inline-content-features[hp]\" data-context=\"{&quot;mobile&quot;:false}\" data-ccs-cc-inline-jumplink=\"Porty\" data-display-mode=\"noheader\">\n<div class=\"ccs-cc-inline-features-block ccs-cc-inline-single-feature\">\n<div class=\"ccs-cc-inline-feature\" data-type=\"text media\" data-pos=\"right\">\n<div class=\"ccs-cc-inline-feature-content ccs-cc-inline-thumbnail\"><span style=\"font-size: 18px;font-weight: bold;letter-spacing: 0.03125em;text-transform: uppercase\">PORTY<\/span><\/div>\n<div class=\"ccs-cc-inline-feature-content ccs-cc-inline-feature-description\">\n<ul>\n<li>3 porty SuperSpeed USB Type-A o przepustowo\u015bci 5 Gb\/s (1 do \u0142adowania, 1 zasilaj\u0105cy)<\/li>\n<li>1 port HDMI 1.4b<\/li>\n<li>1 gniazdo combo (s\u0142uchawki\/mikrofon)<\/li>\n<li>1 gniazdo zasilacza AC<\/li>\n<li>1 gniazdo RJ-45<\/li>\n<\/ul>\n<\/div>\n<\/div>\n<\/div>\n<\/div>\n<\/div>\n<\/div>\n<\/div>\n<\/div>\n<\/div>\n<\/div>\n<\/div>\n","protected":false},"excerpt":{"rendered":"<p>LAPTOP HP PROBOOK 450 G8 15.6 FHD I5-1135G7 8GB 512GB SSD WIFI BT BK W10P 3Y Specyfikacja\u00a0 NOWA KONSTRUKCJA DOPASOWANA DO NOWOCZESNEGO STYLU PRACY Lekka, kompaktowa i smuk\u0142a obudowa z aluminiowymi komponentami pozwala na \u0142atwe przenoszenie urz\u0105dzenia. Ciesz si\u0119 ponad 87-procentowym wsp\u00f3\u0142czynnikiem proporcji ekranu do obudowy oraz cicho i precyzyjnie dzia\u0142aj\u0105c\u0105 klawiatur\u0105. WIELOWARSTWOWE ZABEZPIECZENIA HP [&hellip;]<\/p>\n","protected":false},"featured_media":106,"template":"","meta":[],"product_cat":[33],"product_tag":[34,56],"_links":{"self":[{"href":"https:\/\/sklepik.rayo.pl\/index.php?rest_route=\/wp\/v2\/product\/66"}],"collection":[{"href":"https:\/\/sklepik.rayo.pl\/index.php?rest_route=\/wp\/v2\/product"}],"about":[{"href":"https:\/\/sklepik.rayo.pl\/index.php?rest_route=\/wp\/v2\/types\/product"}],"wp:featuredmedia":[{"embeddable":true,"href":"https:\/\/sklepik.rayo.pl\/index.php?rest_route=\/wp\/v2\/media\/106"}],"wp:attachment":[{"href":"https:\/\/sklepik.rayo.pl\/index.php?rest_route=%2Fwp%2Fv2%2Fmedia&parent=66"}],"wp:term":[{"taxonomy":"product_cat","embeddable":true,"href":"https:\/\/sklepik.rayo.pl\/index.php?rest_route=%2Fwp%2Fv2%2Fproduct_cat&post=66"},{"taxonomy":"product_tag","embeddable":true,"href":"https:\/\/sklepik.rayo.pl\/index.php?rest_route=%2Fwp%2Fv2%2Fproduct_tag&post=66"}],"curies":[{"name":"wp","href":"https:\/\/api.w.org\/{rel}","templated":true}]}}